{"id":2,"date":"2024-11-26T17:58:26","date_gmt":"2024-11-26T16:58:26","guid":{"rendered":"https:\/\/metro1.edv.uniovi.es\/wordpress\/?page_id=2"},"modified":"2024-12-15T12:33:20","modified_gmt":"2024-12-15T11:33:20","slug":"acerca-de","status":"publish","type":"page","link":"https:\/\/metro1.edv.uniovi.es\/wordpress\/acerca-de\/","title":{"rendered":"Organizaci\u00f3n y prop\u00f3sito"},"content":{"rendered":"\n<p>La c\u00e1tedra desarrolla tres tipos de actividades:<\/p>\n\n\n\n<ul class=\"wp-block-list\">\n<li>Formaci\u00f3n<\/li>\n\n\n\n<li>Investigaci\u00f3n y transferencia<\/li>\n\n\n\n<li>Divulgaci\u00f3n<\/li>\n<\/ul>\n\n\n\n<p>que se relacionan entre s\u00ed de la forma indicada a continuaci\u00f3n:<br><\/p>\n\n\n\n<figure class=\"wp-block-image size-full\"><img loading=\"lazy\" decoding=\"async\" width=\"640\" height=\"480\" src=\"https:\/\/metro1.edv.uniovi.es\/wordpress\/wp-content\/uploads\/2024\/12\/Catedra.png\" alt=\"\" class=\"wp-image-200\" srcset=\"https:\/\/metro1.edv.uniovi.es\/wordpress\/wp-content\/uploads\/2024\/12\/Catedra.png 640w, https:\/\/metro1.edv.uniovi.es\/wordpress\/wp-content\/uploads\/2024\/12\/Catedra-300x225.png 300w\" sizes=\"auto, (max-width: 640px) 100vw, 640px\" \/><\/figure>\n\n\n\n<p>Constituimos un equipo de trabajo e investigaci\u00f3n estable, compuesto por personal de la empresa, investigadores y estudiantes universitarios.<\/p>\n\n\n\n<p>Nuestros objetivos son:<\/p>\n\n\n\n<ul class=\"wp-block-list\">\n<li>La aplicaci\u00f3n del m\u00e9todo cient\u00edfico a la b\u00fasqueda de soluciones de problemas pr\u00e1cticos<\/li>\n\n\n\n<li>La creaci\u00f3n de sistemas de IA fiables y socialmente responsables<\/li>\n\n\n\n<li>El trabajo en equipo en un entorno empresarial<\/li>\n<\/ul>\n\n\n\n<p><\/p>\n","protected":false},"excerpt":{"rendered":"<p>La c\u00e1tedra desarrolla tres tipos de actividades: que se relacionan entre s\u00ed de la forma indicada a continuaci\u00f3n: Constituimos un equipo de trabajo e investigaci\u00f3n estable, compuesto por personal de la empresa, investigadores y estudiantes universitarios. Nuestros objetivos son:<\/p>\n","protected":false},"author":1,"featured_media":0,"parent":0,"menu_order":0,"comment_status":"closed","ping_status":"open","template":"","meta":{"footnotes":""},"class_list":["post-2","page","type-page","status-publish","hentry"],"_links":{"self":[{"href":"https:\/\/metro1.edv.uniovi.es\/wordpress\/wp-json\/wp\/v2\/pages\/2","targetHints":{"allow":["GET"]}}],"collection":[{"href":"https:\/\/metro1.edv.uniovi.es\/wordpress\/wp-json\/wp\/v2\/pages"}],"about":[{"href":"https:\/\/metro1.edv.uniovi.es\/wordpress\/wp-json\/wp\/v2\/types\/page"}],"author":[{"embeddable":true,"href":"https:\/\/metro1.edv.uniovi.es\/wordpress\/wp-json\/wp\/v2\/users\/1"}],"replies":[{"embeddable":true,"href":"https:\/\/metro1.edv.uniovi.es\/wordpress\/wp-json\/wp\/v2\/comments?post=2"}],"version-history":[{"count":10,"href":"https:\/\/metro1.edv.uniovi.es\/wordpress\/wp-json\/wp\/v2\/pages\/2\/revisions"}],"predecessor-version":[{"id":240,"href":"https:\/\/metro1.edv.uniovi.es\/wordpress\/wp-json\/wp\/v2\/pages\/2\/revisions\/240"}],"wp:attachment":[{"href":"https:\/\/metro1.edv.uniovi.es\/wordpress\/wp-json\/wp\/v2\/media?parent=2"}],"curies":[{"name":"wp","href":"https:\/\/api.w.org\/{rel}","templated":true}]}}