{"id":44,"date":"2024-12-12T10:39:33","date_gmt":"2024-12-12T09:39:33","guid":{"rendered":"https:\/\/metro1.edv.uniovi.es\/wordpress\/?page_id=44"},"modified":"2025-04-09T09:52:36","modified_gmt":"2025-04-09T07:52:36","slug":"oferta-de-colaboraciones","status":"publish","type":"page","link":"https:\/\/metro1.edv.uniovi.es\/wordpress\/oferta-de-colaboraciones\/","title":{"rendered":"Ofertas de colaboraci\u00f3n"},"content":{"rendered":"\n<p>En esta p\u00e1gina iremos indicando las ofertas de pr\u00e1cticas extracurriculares en la C\u00e1tedra y en la empresa<\/p>\n\n\n\n<p>Becas ofertadas en<strong> abril 2025:<\/strong><\/p>\n\n\n\n<p><a href=\"https:\/\/metro1.edv.uniovi.es\/wordpress\/2025\/04\/04\/nuevas-practicas-de-la-catedra\/\" data-type=\"post\" data-id=\"293\">Nuevas pr\u00e1cticas de la C\u00e1tedra<\/a><\/p>\n\n\n\n<p><\/p>\n","protected":false},"excerpt":{"rendered":"<p>En esta p\u00e1gina iremos indicando las ofertas de pr\u00e1cticas extracurriculares en la C\u00e1tedra y en la empresa Becas ofertadas en abril 2025: Nuevas pr\u00e1cticas de la C\u00e1tedra<\/p>\n","protected":false},"author":1,"featured_media":0,"parent":0,"menu_order":0,"comment_status":"closed","ping_status":"closed","template":"","meta":{"footnotes":""},"class_list":["post-44","page","type-page","status-publish","hentry"],"_links":{"self":[{"href":"https:\/\/metro1.edv.uniovi.es\/wordpress\/wp-json\/wp\/v2\/pages\/44","targetHints":{"allow":["GET"]}}],"collection":[{"href":"https:\/\/metro1.edv.uniovi.es\/wordpress\/wp-json\/wp\/v2\/pages"}],"about":[{"href":"https:\/\/metro1.edv.uniovi.es\/wordpress\/wp-json\/wp\/v2\/types\/page"}],"author":[{"embeddable":true,"href":"https:\/\/metro1.edv.uniovi.es\/wordpress\/wp-json\/wp\/v2\/users\/1"}],"replies":[{"embeddable":true,"href":"https:\/\/metro1.edv.uniovi.es\/wordpress\/wp-json\/wp\/v2\/comments?post=44"}],"version-history":[{"count":4,"href":"https:\/\/metro1.edv.uniovi.es\/wordpress\/wp-json\/wp\/v2\/pages\/44\/revisions"}],"predecessor-version":[{"id":302,"href":"https:\/\/metro1.edv.uniovi.es\/wordpress\/wp-json\/wp\/v2\/pages\/44\/revisions\/302"}],"wp:attachment":[{"href":"https:\/\/metro1.edv.uniovi.es\/wordpress\/wp-json\/wp\/v2\/media?parent=44"}],"curies":[{"name":"wp","href":"https:\/\/api.w.org\/{rel}","templated":true}]}}